{"id":8,"date":"2018-08-20T14:34:55","date_gmt":"2018-08-20T14:34:55","guid":{"rendered":"http:\/\/parafiaszczodrowo.pl\/?page_id=8"},"modified":"2024-01-07T19:12:21","modified_gmt":"2024-01-07T19:12:21","slug":"kontakt","status":"publish","type":"page","link":"https:\/\/parafiaszczodrowo.pl\/?page_id=8","title":{"rendered":"Kontakt"},"content":{"rendered":"<p style=\"text-align: center;\">Parafia Rzymskokatolicka<br \/>\n<em>pw. \u015awi\u0119tych Aposto\u0142\u00f3w Szymona i Judy Tadeusza<\/em><\/p>\n<p style=\"text-align: center;\">Diecezja Pelpli\u0144ska<br \/>\nDekanat Skarszewski<br \/>\nProboszcz Ksi\u0105dz \u0141ukasz Benkowski<\/p>\n<p style=\"text-align: center;\">ul. Spacerowa 2, Szczodrowo, 83-250 Skarszewy<br \/>\ne-mail: biuro@parafiaszczodrowo.pl<br \/>\ntel.: 518 663 770<\/p>\n","protected":false},"excerpt":{"rendered":"<p>Parafia Rzymskokatolicka pw. \u015awi\u0119tych Aposto\u0142\u00f3w Szymona i Judy Tadeusza Diecezja Pelpli\u0144ska Dekanat Skarszewski Proboszcz Ksi\u0105dz \u0141ukasz Benkowski ul. Spacerowa 2, Szczodrowo, 83-250 Skarszewy e-mail: biuro@parafiaszczodrowo.pl tel.: 518 663 770<\/p>\n","protected":false},"author":1,"featured_media":0,"parent":0,"menu_order":0,"comment_status":"closed","ping_status":"closed","template":"","meta":{"footnotes":""},"class_list":["entry","page","publish","author-admin","post-8"],"_links":{"self":[{"href":"https:\/\/parafiaszczodrowo.pl\/index.php?rest_route=\/wp\/v2\/pages\/8","targetHints":{"allow":["GET"]}}],"collection":[{"href":"https:\/\/parafiaszczodrowo.pl\/index.php?rest_route=\/wp\/v2\/pages"}],"about":[{"href":"https:\/\/parafiaszczodrowo.pl\/index.php?rest_route=\/wp\/v2\/types\/page"}],"author":[{"embeddable":true,"href":"https:\/\/parafiaszczodrowo.pl\/index.php?rest_route=\/wp\/v2\/users\/1"}],"replies":[{"embeddable":true,"href":"https:\/\/parafiaszczodrowo.pl\/index.php?rest_route=%2Fwp%2Fv2%2Fcomments&post=8"}],"version-history":[{"count":8,"href":"https:\/\/parafiaszczodrowo.pl\/index.php?rest_route=\/wp\/v2\/pages\/8\/revisions"}],"predecessor-version":[{"id":949,"href":"https:\/\/parafiaszczodrowo.pl\/index.php?rest_route=\/wp\/v2\/pages\/8\/revisions\/949"}],"wp:attachment":[{"href":"https:\/\/parafiaszczodrowo.pl\/index.php?rest_route=%2Fwp%2Fv2%2Fmedia&parent=8"}],"curies":[{"name":"wp","href":"https:\/\/api.w.org\/{rel}","templated":true}]}}