{"id":779,"date":"2021-05-09T09:52:43","date_gmt":"2021-05-09T09:52:43","guid":{"rendered":"http:\/\/parafiaszczodrowo.pl\/?page_id=779"},"modified":"2024-08-16T08:32:05","modified_gmt":"2024-08-16T08:32:05","slug":"ochrona-dzieci-i-mlodziezy","status":"publish","type":"page","link":"https:\/\/parafiaszczodrowo.pl\/?page_id=779","title":{"rendered":"Ochrona dzieci i m\u0142odzie\u017cy"},"content":{"rendered":"<div class=\"wp-block-image\">\n<figure class=\"aligncenter size-large\"><img loading=\"lazy\" decoding=\"async\" width=\"1024\" height=\"724\" src=\"https:\/\/parafiaszczodrowo.pl\/wp-content\/uploads\/2024\/08\/SKM_C22724081416012-1024x724.jpg\" alt=\"\" class=\"wp-image-1258\" srcset=\"https:\/\/parafiaszczodrowo.pl\/wp-content\/uploads\/2024\/08\/SKM_C22724081416012-1024x724.jpg 1024w, https:\/\/parafiaszczodrowo.pl\/wp-content\/uploads\/2024\/08\/SKM_C22724081416012-300x212.jpg 300w, https:\/\/parafiaszczodrowo.pl\/wp-content\/uploads\/2024\/08\/SKM_C22724081416012-768x543.jpg 768w, https:\/\/parafiaszczodrowo.pl\/wp-content\/uploads\/2024\/08\/SKM_C22724081416012-1536x1086.jpg 1536w, https:\/\/parafiaszczodrowo.pl\/wp-content\/uploads\/2024\/08\/SKM_C22724081416012-2048x1448.jpg 2048w\" sizes=\"auto, (max-width: 1024px) 100vw, 1024px\" \/><\/figure>\n<\/div>\n\n<div class=\"wp-block-image\">\n<figure class=\"aligncenter size-large\"><img loading=\"lazy\" decoding=\"async\" width=\"724\" height=\"1024\" src=\"https:\/\/parafiaszczodrowo.pl\/wp-content\/uploads\/2024\/08\/SKM_C22724081416011_0001-724x1024.jpg\" alt=\"\" class=\"wp-image-1259\" srcset=\"https:\/\/parafiaszczodrowo.pl\/wp-content\/uploads\/2024\/08\/SKM_C22724081416011_0001-724x1024.jpg 724w, https:\/\/parafiaszczodrowo.pl\/wp-content\/uploads\/2024\/08\/SKM_C22724081416011_0001-212x300.jpg 212w, https:\/\/parafiaszczodrowo.pl\/wp-content\/uploads\/2024\/08\/SKM_C22724081416011_0001-768x1086.jpg 768w, https:\/\/parafiaszczodrowo.pl\/wp-content\/uploads\/2024\/08\/SKM_C22724081416011_0001-1086x1536.jpg 1086w, https:\/\/parafiaszczodrowo.pl\/wp-content\/uploads\/2024\/08\/SKM_C22724081416011_0001-1448x2048.jpg 1448w, https:\/\/parafiaszczodrowo.pl\/wp-content\/uploads\/2024\/08\/SKM_C22724081416011_0001-scaled.jpg 1810w\" sizes=\"auto, (max-width: 724px) 100vw, 724px\" \/><\/figure>\n<\/div>\n\n<div class=\"wp-block-image\">\n<figure class=\"aligncenter size-large\"><img loading=\"lazy\" decoding=\"async\" width=\"724\" height=\"1024\" src=\"https:\/\/parafiaszczodrowo.pl\/wp-content\/uploads\/2024\/08\/SKM_C22724081416011_0002-724x1024.jpg\" alt=\"\" class=\"wp-image-1260\" srcset=\"https:\/\/parafiaszczodrowo.pl\/wp-content\/uploads\/2024\/08\/SKM_C22724081416011_0002-724x1024.jpg 724w, https:\/\/parafiaszczodrowo.pl\/wp-content\/uploads\/2024\/08\/SKM_C22724081416011_0002-212x300.jpg 212w, https:\/\/parafiaszczodrowo.pl\/wp-content\/uploads\/2024\/08\/SKM_C22724081416011_0002-768x1086.jpg 768w, https:\/\/parafiaszczodrowo.pl\/wp-content\/uploads\/2024\/08\/SKM_C22724081416011_0002-1086x1536.jpg 1086w, https:\/\/parafiaszczodrowo.pl\/wp-content\/uploads\/2024\/08\/SKM_C22724081416011_0002-1448x2048.jpg 1448w, https:\/\/parafiaszczodrowo.pl\/wp-content\/uploads\/2024\/08\/SKM_C22724081416011_0002-scaled.jpg 1810w\" sizes=\"auto, (max-width: 724px) 100vw, 724px\" \/><\/figure>\n<\/div>\n\n\n<p class=\"has-text-align-center\"><strong>OSOBA ZAUFANIA W NASZEJ PARAFII TO PANI DOROTA WIECKA-BRAUN <br>KONTAKT: tel. 698 680 864<\/strong><\/p>\n\n\n\n<p class=\"has-text-align-center\">WI\u0118CEJ INFORMACJI MO\u017bNA ZNALE\u0179\u0106 R\u00d3WNIE\u017b NA STRONIE INTERNETOWEJ DIECEJII PELPLI\u0143SKIEJ <a href=\"https:\/\/diecezja-pelplin.pl\/ochrona-dzieci-i-mlodziezy\/\">https:\/\/diecezja-pelplin.pl\/ochrona-dzieci-i-mlodziezy\/<\/a> <\/p>\n","protected":false},"excerpt":{"rendered":"<p>OSOBA ZAUFANIA W NASZEJ PARAFII TO PANI DOROTA WIECKA-BRAUN KONTAKT: tel. 698 680 864 WI\u0118CEJ INFORMACJI MO\u017bNA ZNALE\u0179\u0106 R\u00d3WNIE\u017b NA STRONIE INTERNETOWEJ DIECEJII PELPLI\u0143SKIEJ https:\/\/diecezja-pelplin.pl\/ochrona-dzieci-i-mlodziezy\/<\/p>\n","protected":false},"author":1,"featured_media":0,"parent":0,"menu_order":0,"comment_status":"closed","ping_status":"closed","template":"","meta":{"footnotes":""},"class_list":["entry","page","publish","author-admin","post-779"],"_links":{"self":[{"href":"https:\/\/parafiaszczodrowo.pl\/index.php?rest_route=\/wp\/v2\/pages\/779","targetHints":{"allow":["GET"]}}],"collection":[{"href":"https:\/\/parafiaszczodrowo.pl\/index.php?rest_route=\/wp\/v2\/pages"}],"about":[{"href":"https:\/\/parafiaszczodrowo.pl\/index.php?rest_route=\/wp\/v2\/types\/page"}],"author":[{"embeddable":true,"href":"https:\/\/parafiaszczodrowo.pl\/index.php?rest_route=\/wp\/v2\/users\/1"}],"replies":[{"embeddable":true,"href":"https:\/\/parafiaszczodrowo.pl\/index.php?rest_route=%2Fwp%2Fv2%2Fcomments&post=779"}],"version-history":[{"count":6,"href":"https:\/\/parafiaszczodrowo.pl\/index.php?rest_route=\/wp\/v2\/pages\/779\/revisions"}],"predecessor-version":[{"id":1263,"href":"https:\/\/parafiaszczodrowo.pl\/index.php?rest_route=\/wp\/v2\/pages\/779\/revisions\/1263"}],"wp:attachment":[{"href":"https:\/\/parafiaszczodrowo.pl\/index.php?rest_route=%2Fwp%2Fv2%2Fmedia&parent=779"}],"curies":[{"name":"wp","href":"https:\/\/api.w.org\/{rel}","templated":true}]}}