{"id":777,"date":"2021-05-09T09:49:51","date_gmt":"2021-05-09T09:49:51","guid":{"rendered":"http:\/\/parafiaszczodrowo.pl\/?page_id=777"},"modified":"2023-09-16T08:48:14","modified_gmt":"2023-09-16T08:48:14","slug":"klauzula-informacyjna-rodo","status":"publish","type":"page","link":"https:\/\/parafiaszczodrowo.pl\/?page_id=777","title":{"rendered":"Klauzula RODO"},"content":{"rendered":"\n<div class=\"wp-block-group\"><div class=\"wp-block-group__inner-container is-layout-flow wp-block-group-is-layout-flow\">\n<p>Informujemy, \u017ce:<\/p>\n\n\n\n<div class=\"wp-block-group\"><div class=\"wp-block-group__inner-container is-layout-flow wp-block-group-is-layout-flow\">\n<p class=\"has-text-align-center\">Administratorem danych osobowych jest Parafia Rzymskokatolicka p.w. \u015aw. Aposto\u0142\u00f3w Szymona i Judy Tadeusza w Szczodrowie, \u00a0ul. Spacerowa 2, Szczodrowo, 83-250 Skarszewy.\u00a0 tel. 58 588 08 98, reprezentowana przez proboszcza \u00a0Ks. \u0141ukasza Benkowskiego. Kontakt email: pszczodrowo@diecezja-pelplin.pl<\/p>\n\n\n\n<p class=\"has-text-align-center\">Dane osobowe na stronie internetowej oraz profilu w mediach spo\u0142eczno\u015bciowych s\u0105 przetwarzane dla potrzeb realizacji cel\u00f3w Ko\u015bcio\u0142a, na podstawie Prawa kanonicznego.<\/p>\n\n\n\n<p class=\"has-text-align-center\">Inspektorem Ochrony Danych w Diecezji Pelpli\u0144skiej jest:<br>Ks. dr Jacek Sosnowski, tel. 58&nbsp;536\u201312\u201321, &nbsp;&nbsp;&nbsp;&nbsp;&nbsp;&nbsp;&nbsp;&nbsp;&nbsp;&nbsp;&nbsp;&nbsp;&nbsp;&nbsp;&nbsp;&nbsp;&nbsp;&nbsp;&nbsp;&nbsp;&nbsp;&nbsp;&nbsp;&nbsp;&nbsp;&nbsp;&nbsp;&nbsp;&nbsp;<br>Adres e-mail: &nbsp;<a href=\"mailto:notariuszkurii@diecezja-pelplin.pl\">notariuszkurii@diecezja-pelplin.pl<\/a><\/p>\n\n\n\n<p class=\"has-text-align-center\">&nbsp;Wierny ma prawo dost\u0119pu do tre\u015bci swoich danych, prawa ich sprostowania, ograniczenia przetwarzania lub usuni\u0119cia&nbsp;<em>(z ograniczeniem w zakresie danych dotycz\u0105cych udzielonych sakrament\u00f3w b\u0105d\u017a w&nbsp;inny spos\u00f3b odnosz\u0105cych si\u0119 do kanonicznego statusu osoby).<\/em><\/p>\n\n\n\n<p class=\"has-text-align-center\">Szczeg\u00f3\u0142owych informacji &nbsp;na temat przetwarzania danych osobowych, podstawy ich przetwarzania, ewentualnego odbiorcy&nbsp;<em>(krajowego lub zagranicznego)<\/em>, dok\u0142adnego okresu przechowywania danych i innych udziela administrator.<\/p>\n\n\n\n<p class=\"has-text-align-center\">Ma Pani\/Pan prawo do wniesienia skargi do Ko\u015bcielnego Inspektora Ochrony Danych, Skwer kard. Stefana Wyszy\u0144skiego 6, 01\u2013015 Warszawa,&nbsp;<a href=\"mailto:kiod@episkopat.pl\">kiod@episkopat.pl<\/a>, Tel. 22&nbsp;530\u201348\u201387<\/p>\n<\/div><\/div>\n<\/div><\/div>\n","protected":false},"excerpt":{"rendered":"<p>Informujemy, \u017ce: Administratorem danych osobowych jest Parafia Rzymskokatolicka p.w. \u015aw. Aposto\u0142\u00f3w Szymona i Judy Tadeusza w Szczodrowie, \u00a0ul. Spacerowa 2, Szczodrowo, 83-250 Skarszewy.\u00a0 tel. 58 588 08 98, reprezentowana przez proboszcza \u00a0Ks. \u0141ukasza Benkowskiego. Kontakt email: pszczodrowo@diecezja-pelplin.pl Dane osobowe na stronie internetowej oraz profilu w mediach spo\u0142eczno\u015bciowych s\u0105 przetwarzane dla potrzeb realizacji cel\u00f3w Ko\u015bcio\u0142a, na &#8230; <span class=\"more\"><a class=\"more-link\" href=\"https:\/\/parafiaszczodrowo.pl\/?page_id=777\">[Czytaj wi\u0119cej..]<\/a><\/span><\/p>\n","protected":false},"author":1,"featured_media":0,"parent":0,"menu_order":0,"comment_status":"closed","ping_status":"closed","template":"","meta":{"footnotes":""},"class_list":["entry","page","publish","author-admin","post-777"],"_links":{"self":[{"href":"https:\/\/parafiaszczodrowo.pl\/index.php?rest_route=\/wp\/v2\/pages\/777","targetHints":{"allow":["GET"]}}],"collection":[{"href":"https:\/\/parafiaszczodrowo.pl\/index.php?rest_route=\/wp\/v2\/pages"}],"about":[{"href":"https:\/\/parafiaszczodrowo.pl\/index.php?rest_route=\/wp\/v2\/types\/page"}],"author":[{"embeddable":true,"href":"https:\/\/parafiaszczodrowo.pl\/index.php?rest_route=\/wp\/v2\/users\/1"}],"replies":[{"embeddable":true,"href":"https:\/\/parafiaszczodrowo.pl\/index.php?rest_route=%2Fwp%2Fv2%2Fcomments&post=777"}],"version-history":[{"count":5,"href":"https:\/\/parafiaszczodrowo.pl\/index.php?rest_route=\/wp\/v2\/pages\/777\/revisions"}],"predecessor-version":[{"id":820,"href":"https:\/\/parafiaszczodrowo.pl\/index.php?rest_route=\/wp\/v2\/pages\/777\/revisions\/820"}],"wp:attachment":[{"href":"https:\/\/parafiaszczodrowo.pl\/index.php?rest_route=%2Fwp%2Fv2%2Fmedia&parent=777"}],"curies":[{"name":"wp","href":"https:\/\/api.w.org\/{rel}","templated":true}]}}