{"id":2,"date":"2016-05-10T03:48:21","date_gmt":"2016-05-10T03:48:21","guid":{"rendered":"http:\/\/parafiaszczodrowo.pl\/?page_id=2"},"modified":"2018-08-20T15:07:52","modified_gmt":"2018-08-20T15:07:52","slug":"sample-page","status":"publish","type":"page","link":"https:\/\/parafiaszczodrowo.pl\/?page_id=2","title":{"rendered":"Historia"},"content":{"rendered":"<p style=\"text-align: center;\"><strong>PARAFIA<\/strong><\/p>\n<p style=\"text-align: center;\">W Polskiej historiografii trwa sp\u00f3r dotycz\u0105cy genezy sieci parafialnej. Tak jest r\u00f3wnie\u017c w przypadku Szczodrowa. Cz\u0119\u015b\u0107 historyk\u00f3w przychyla si\u0119 do bardzo optymistycznej tezy Stanis\u0142awa Kujota, kt\u00f3ry za\u0142o\u017cenie parafii w Szczodrowie datowa\u0142 na okres przed 1198 r. lub na pocz\u0105tkowe w\u0142adania t\u0105 ziemi\u0105 przez zakon joannit\u00f3w. Odmienny pogl\u0105d w tej sprawie reprezentuje J\u00f3zef Spors, kt\u00f3ry pocz\u0105tki Szczodrowskiej parafii przesuwa na czasy krzy\u017cackie.<br \/>\nPierwszym znanym dokumentem po\u015bwiadczaj\u0105cym istnienie parafii w Szczodrowie jest akt lokacji wsi z 1428 r. Skoro jest on wiernym odpisem aktu z pocz\u0105tku lat 30.tych XIV w., to nale\u017cy przyj\u0105\u0107, \u017ce w tym czasie funkcjonowa\u0142a ju\u017c parafia, kt\u00f3ra wydzieli\u0142a si\u0119 ze znacznie starszej skarszewskiej.<\/p>\n<p style=\"text-align: center;\">Do drugiej po\u0142owy XVII w. w Szczodrowie funkcjonowa\u0142a samodzielna parafia. Przez kilka stuleci w obr\u0119bie parafii znajdowa\u0142y si\u0119 wsie: Szczodrowo, Stary Wiec, Nowy Wiec, Szczodrowski M\u0142yn oraz 6 hut ( Barhutta, Sucha Huta, Czashutta, G\u00f3rne Piek\u0142o, \u015awiniebudy, Sztrukhutta). W wizytacji z 1703 r. w obr\u0119bie parafii nie wyst\u0119puje ju\u017c Stary Wiec, kt\u00f3ry w\u0142\u0105czono w administracj\u0119 wysi\u0144skiego proboszcza.<\/p>\n<p style=\"text-align: center;\">Skoro szczodrowska parafia powsta\u0142a na pocz\u0105tku XIV w., to a\u017c do 1927 r. nale\u017ca\u0142a do dekanatu tczewskiego. Od tego roku Szczodrowo w\u0142aczono do dekanatu ko\u015bcierskiego. W zwi\u0105zku z reorganizacj\u0105 diecezji che\u0142mi\u0144skiej w 1982 r. powsta\u0142 m.in. dekanat skarszewski, kt\u00f3rego integraln\u0105 cz\u0119\u015b\u0107 stanowi parafia w Szczodrowie. Od 1992 r. Szczodrowo nale\u017cy do diecezji pelpli\u0144skiej.<\/p>\n<p style=\"text-align: center;\">\n<p style=\"text-align: center;\"><strong>KO\u015aCI\u00d3\u0141<\/strong><\/p>\n<p style=\"text-align: center;\">Na temat szczodrowskiego ko\u015bcio\u0142a zrodzi\u0142o si\u0119 wiele legend, co w du\u017cej mierze stanowi dow\u00f3d na jego wczesne powstanie. Dzi\u0119ki przekazowi ustnemu cz\u0119\u015b\u0107 z nich przetrwa\u0142a do dnia dzisiejszego.<\/p>\n<p style=\"text-align: center;\">Najstarsza zachowana wzmianka na temat szczodrowskiego ko\u015bcio\u0142a pochodzi dopiero z ko\u0144ca XVI w. W 1583 r. wizytuj\u0105cy parafi\u0119 ks. Sebastian Liwierski na temat \u015bwi\u0105tyni pisa\u0142: \u201eKo\u015bci\u00f3\u0142 drewniany potrzebuje pokrycia dachem, pod wezwaniem Szymona i Tadeusza Judy: Po\u015bwi\u0119cony cmentarz dobrze ogrodzony, ma cztery \u0142any\u201d. Z tej lakonicznej notatki wynika, \u017ce dach \u015bwi\u0105tyni wymaga\u0142 rych\u0142ego remontu, co dowodzi, \u017ce w tym czasie obiekt ten by\u0142 ju\u017c do\u015b\u0107 star\u0105 budowl\u0105.<\/p>\n<p style=\"text-align: center;\">W \u015bredniowieczu jako regu\u0142\u0119 przyj\u0119to lokowanie miejsc poch\u00f3wku zmar\u0142ych w bezpo\u015brednim s\u0105siedztwie z ko\u015bcio\u0142em. Tak te\u017c by\u0142o w Szczodrowie. Dzi\u015b po starym cmentarzu zachowa\u0142o si\u0119 jednynie kilka mogi\u0142, ale pami\u0119tajmy, \u017ce ziemia okalaj\u0105ca \u015bwi\u0105tyni\u0119 kryje prochy kilku tysi\u0119cy mieszka\u0144c\u00f3w Szczodrowa.<\/p>\n<p style=\"text-align: center;\">O bardzo starym rodowodzie szczodrowskiego ko\u015bcio\u0142a \u015bwiadczy jego prostota i zredukowana forma architektoniczna, tak charakterystyczne dla budownictwa okresu od XI \u2013 XIV w. Wsp\u00f3\u0142cze\u015bnie w ko\u015bciele znajduje si\u0119 kamienna gotycka kropielnica, a do 1939 r. w wie\u017cy umieszczony by\u0142 dzwon, kt\u00f3rego znawcy przedmiotu datowali na pocz\u0105tek XIV w. Przed 1687 r. od strony p\u00f3\u0142nocnej do ko\u015bcio\u0142a dobudowano drewnian\u0105 zakrysti\u0119 a o\u0142tarz g\u0142\u00f3wny datowany jest na po\u0142ow\u0119 XVIII w.<\/p>\n","protected":false},"excerpt":{"rendered":"<p>PARAFIA W Polskiej historiografii trwa sp\u00f3r dotycz\u0105cy genezy sieci parafialnej. Tak jest r\u00f3wnie\u017c w przypadku Szczodrowa. Cz\u0119\u015b\u0107 historyk\u00f3w przychyla si\u0119 do bardzo optymistycznej tezy Stanis\u0142awa Kujota, kt\u00f3ry za\u0142o\u017cenie parafii w Szczodrowie datowa\u0142 na okres przed 1198 r. lub na pocz\u0105tkowe w\u0142adania t\u0105 ziemi\u0105 przez zakon joannit\u00f3w. Odmienny pogl\u0105d w tej sprawie reprezentuje J\u00f3zef Spors, kt\u00f3ry &#8230; <span class=\"more\"><a class=\"more-link\" href=\"https:\/\/parafiaszczodrowo.pl\/?page_id=2\">[Czytaj wi\u0119cej..]<\/a><\/span><\/p>\n","protected":false},"author":1,"featured_media":0,"parent":0,"menu_order":0,"comment_status":"closed","ping_status":"open","template":"","meta":{"footnotes":""},"class_list":["entry","page","publish","author-admin","post-2"],"_links":{"self":[{"href":"https:\/\/parafiaszczodrowo.pl\/index.php?rest_route=\/wp\/v2\/pages\/2","targetHints":{"allow":["GET"]}}],"collection":[{"href":"https:\/\/parafiaszczodrowo.pl\/index.php?rest_route=\/wp\/v2\/pages"}],"about":[{"href":"https:\/\/parafiaszczodrowo.pl\/index.php?rest_route=\/wp\/v2\/types\/page"}],"author":[{"embeddable":true,"href":"https:\/\/parafiaszczodrowo.pl\/index.php?rest_route=\/wp\/v2\/users\/1"}],"replies":[{"embeddable":true,"href":"https:\/\/parafiaszczodrowo.pl\/index.php?rest_route=%2Fwp%2Fv2%2Fcomments&post=2"}],"version-history":[{"count":4,"href":"https:\/\/parafiaszczodrowo.pl\/index.php?rest_route=\/wp\/v2\/pages\/2\/revisions"}],"predecessor-version":[{"id":38,"href":"https:\/\/parafiaszczodrowo.pl\/index.php?rest_route=\/wp\/v2\/pages\/2\/revisions\/38"}],"wp:attachment":[{"href":"https:\/\/parafiaszczodrowo.pl\/index.php?rest_route=%2Fwp%2Fv2%2Fmedia&parent=2"}],"curies":[{"name":"wp","href":"https:\/\/api.w.org\/{rel}","templated":true}]}}